{"id":7,"date":"2024-04-01T12:53:19","date_gmt":"2024-04-01T10:53:19","guid":{"rendered":"http:\/\/skolify.cluster028.hosting.ovh.net\/?page_id=7"},"modified":"2024-05-21T19:05:34","modified_gmt":"2024-05-21T17:05:34","slug":"home","status":"publish","type":"page","link":"https:\/\/skoli.fr\/","title":{"rendered":"home"},"content":{"rendered":"\t\t<div data-elementor-type=\"wp-page\" data-elementor-id=\"7\" class=\"elementor elementor-7\">\n\t\t\t\t<div class=\"elementor-element elementor-element-f1df2be elementor-hidden-mobile e-flex e-con-boxed e-con e-parent\" data-id=\"f1df2be\" data-element_type=\"container\" data-core-v316-plus=\"true\">\n\t\t\t\t\t<div class=\"e-con-inner\">\n\t\t\t\t<div class=\"elementor-element elementor-element-32ba819 elementor-hidden-mobile elementor-widget__width-inherit elementor-widget elementor-widget-heading\" data-id=\"32ba819\" data-element_type=\"widget\" data-widget_type=\"heading.default\">\n\t\t\t\t<div class=\"elementor-widget-container\">\n\t\t\t<style>\/*! elementor - v3.20.0 - 26-03-2024 *\/\n.elementor-heading-title{padding:0;margin:0;line-height:1}.elementor-widget-heading .elementor-heading-title[class*=elementor-size-]>a{color:inherit;font-size:inherit;line-height:inherit}.elementor-widget-heading .elementor-heading-title.elementor-size-small{font-size:15px}.elementor-widget-heading .elementor-heading-title.elementor-size-medium{font-size:19px}.elementor-widget-heading .elementor-heading-title.elementor-size-large{font-size:29px}.elementor-widget-heading .elementor-heading-title.elementor-size-xl{font-size:39px}.elementor-widget-heading .elementor-heading-title.elementor-size-xxl{font-size:59px}<\/style><h2 class=\"elementor-heading-title elementor-size-default\">Skoli<\/h2>\t\t<\/div>\n\t\t\t\t<\/div>\n\t\t\t\t\t<\/div>\n\t\t\t\t<\/div>\n\t\t<div class=\"elementor-element elementor-element-530858a e-flex e-con-boxed e-con e-parent\" data-id=\"530858a\" data-element_type=\"container\" data-settings=\"{&quot;background_background&quot;:&quot;classic&quot;}\" data-core-v316-plus=\"true\">\n\t\t\t\t\t<div class=\"e-con-inner\">\n\t\t<div class=\"elementor-element elementor-element-e5be1b1 e-flex e-con-boxed e-con e-child\" data-id=\"e5be1b1\" data-element_type=\"container\">\n\t\t\t\t\t<div class=\"e-con-inner\">\n\t\t\t\t<div class=\"elementor-element elementor-element-da97fd4 elementor-widget elementor-widget-heading\" data-id=\"da97fd4\" data-element_type=\"widget\" data-widget_type=\"heading.default\">\n\t\t\t\t<div class=\"elementor-widget-container\">\n\t\t\t<h2 class=\"elementor-heading-title elementor-size-default\">Nous sommes une agence \u00e9ditoriale.<\/h2>\t\t<\/div>\n\t\t\t\t<\/div>\n\t\t\t\t<div class=\"elementor-element elementor-element-ffe91b2 elementor-widget__width-initial elementor-widget elementor-widget-heading\" data-id=\"ffe91b2\" data-element_type=\"widget\" data-widget_type=\"heading.default\">\n\t\t\t\t<div class=\"elementor-widget-container\">\n\t\t\t<div class=\"elementor-heading-title elementor-size-default\">Nous travaillons en particulier avec celles et ceux qui cultivent <b>des id\u00e9es, des savoirs et du lien social<\/b>. Au-del\u00e0 de leurs contenus, nous les aidons aussi dans leurs d\u00e9marches de prospective et d\u2019ouverture \u00e0 leurs communaut\u00e9s.<\/div>\t\t<\/div>\n\t\t\t\t<\/div>\n\t\t\t\t\t<\/div>\n\t\t\t\t<\/div>\n\t\t<div class=\"elementor-element elementor-element-3ed4db1 e-con-full e-flex e-con e-child\" data-id=\"3ed4db1\" data-element_type=\"container\" data-settings=\"{&quot;position&quot;:&quot;absolute&quot;}\">\n\t\t\t\t<div class=\"elementor-element elementor-element-eec25e8 elementor-widget elementor-widget-image\" data-id=\"eec25e8\" data-element_type=\"widget\" data-widget_type=\"image.default\">\n\t\t\t\t<div class=\"elementor-widget-container\">\n\t\t\t<style>\/*! elementor - v3.20.0 - 26-03-2024 *\/\n.elementor-widget-image{text-align:center}.elementor-widget-image a{display:inline-block}.elementor-widget-image a img[src$=\".svg\"]{width:48px}.elementor-widget-image img{vertical-align:middle;display:inline-block}<\/style>\t\t\t\t\t\t\t\t\t\t<img fetchpriority=\"high\" decoding=\"async\" width=\"800\" height=\"800\" src=\"https:\/\/skoli.fr\/wp-content\/uploads\/2024\/04\/main-lo-1024x1024.png\" class=\"attachment-large size-large wp-image-366\" alt=\"\" srcset=\"https:\/\/skoli.fr\/wp-content\/uploads\/2024\/04\/main-lo-1024x1024.png 1024w, https:\/\/skoli.fr\/wp-content\/uploads\/2024\/04\/main-lo-300x300.png 300w, https:\/\/skoli.fr\/wp-content\/uploads\/2024\/04\/main-lo-150x150.png 150w, https:\/\/skoli.fr\/wp-content\/uploads\/2024\/04\/main-lo-768x768.png 768w, https:\/\/skoli.fr\/wp-content\/uploads\/2024\/04\/main-lo.png 1080w\" sizes=\"(max-width: 800px) 100vw, 800px\" \/>\t\t\t\t\t\t\t\t\t\t\t\t\t<\/div>\n\t\t\t\t<\/div>\n\t\t\t\t<\/div>\n\t\t\t\t\t<\/div>\n\t\t\t\t<\/div>\n\t\t\t\t<\/div>\n\t\t","protected":false},"excerpt":{"rendered":"<p>Skoli Nous sommes une agence \u00e9ditoriale. Nous travaillons en particulier avec celles et ceux qui cultivent des id\u00e9es, des savoirs et du lien social. Au-del\u00e0 de leurs contenus, nous les aidons aussi dans leurs d\u00e9marches de prospective et d\u2019ouverture \u00e0 leurs communaut\u00e9s.<\/p>\n","protected":false},"author":1,"featured_media":0,"parent":0,"menu_order":0,"comment_status":"closed","ping_status":"closed","template":"","meta":{"footnotes":""},"class_list":["post-7","page","type-page","status-publish","hentry"],"_links":{"self":[{"href":"https:\/\/skoli.fr\/index.php\/wp-json\/wp\/v2\/pages\/7","targetHints":{"allow":["GET"]}}],"collection":[{"href":"https:\/\/skoli.fr\/index.php\/wp-json\/wp\/v2\/pages"}],"about":[{"href":"https:\/\/skoli.fr\/index.php\/wp-json\/wp\/v2\/types\/page"}],"author":[{"embeddable":true,"href":"https:\/\/skoli.fr\/index.php\/wp-json\/wp\/v2\/users\/1"}],"replies":[{"embeddable":true,"href":"https:\/\/skoli.fr\/index.php\/wp-json\/wp\/v2\/comments?post=7"}],"version-history":[{"count":127,"href":"https:\/\/skoli.fr\/index.php\/wp-json\/wp\/v2\/pages\/7\/revisions"}],"predecessor-version":[{"id":851,"href":"https:\/\/skoli.fr\/index.php\/wp-json\/wp\/v2\/pages\/7\/revisions\/851"}],"wp:attachment":[{"href":"https:\/\/skoli.fr\/index.php\/wp-json\/wp\/v2\/media?parent=7"}],"curies":[{"name":"wp","href":"https:\/\/api.w.org\/{rel}","templated":true}]}}