{"id":15,"date":"2024-04-01T12:53:22","date_gmt":"2024-04-01T10:53:22","guid":{"rendered":"http:\/\/skolify.cluster028.hosting.ovh.net\/?page_id=15"},"modified":"2024-06-05T17:31:13","modified_gmt":"2024-06-05T15:31:13","slug":"contact","status":"publish","type":"page","link":"https:\/\/skoli.fr\/index.php\/contact\/","title":{"rendered":"Contact"},"content":{"rendered":"\t\t<div data-elementor-type=\"wp-page\" data-elementor-id=\"15\" class=\"elementor elementor-15\">\n\t\t\t\t<div class=\"elementor-element elementor-element-09c2324 e-con-full e-flex e-con e-parent\" data-id=\"09c2324\" data-element_type=\"container\" data-core-v316-plus=\"true\">\n\t\t\t\t<div class=\"elementor-element elementor-element-5bea0aa elementor-absolute elementor-widget elementor-widget-image\" data-id=\"5bea0aa\" data-element_type=\"widget\" data-settings=\"{&quot;_position&quot;:&quot;absolute&quot;}\" data-widget_type=\"image.default\">\n\t\t\t\t<div class=\"elementor-widget-container\">\n\t\t\t<style>\/*! elementor - v3.20.0 - 26-03-2024 *\/\n.elementor-widget-image{text-align:center}.elementor-widget-image a{display:inline-block}.elementor-widget-image a img[src$=\".svg\"]{width:48px}.elementor-widget-image img{vertical-align:middle;display:inline-block}<\/style>\t\t\t\t\t\t\t\t\t\t<img decoding=\"async\" width=\"153\" height=\"241\" src=\"https:\/\/skoli.fr\/wp-content\/uploads\/2024\/04\/Groupe-37.svg\" class=\"attachment-medium_large size-medium_large wp-image-81\" alt=\"\" \/>\t\t\t\t\t\t\t\t\t\t\t\t\t<\/div>\n\t\t\t\t<\/div>\n\t\t<div class=\"elementor-element elementor-element-00cc89e e-flex e-con-boxed e-con e-child\" data-id=\"00cc89e\" data-element_type=\"container\">\n\t\t\t\t\t<div class=\"e-con-inner\">\n\t\t\t\t<div class=\"elementor-element elementor-element-4212b06 elementor-widget elementor-widget-heading\" data-id=\"4212b06\" data-element_type=\"widget\" data-widget_type=\"heading.default\">\n\t\t\t\t<div class=\"elementor-widget-container\">\n\t\t\t<style>\/*! elementor - v3.20.0 - 26-03-2024 *\/\n.elementor-heading-title{padding:0;margin:0;line-height:1}.elementor-widget-heading .elementor-heading-title[class*=elementor-size-]>a{color:inherit;font-size:inherit;line-height:inherit}.elementor-widget-heading .elementor-heading-title.elementor-size-small{font-size:15px}.elementor-widget-heading .elementor-heading-title.elementor-size-medium{font-size:19px}.elementor-widget-heading .elementor-heading-title.elementor-size-large{font-size:29px}.elementor-widget-heading .elementor-heading-title.elementor-size-xl{font-size:39px}.elementor-widget-heading .elementor-heading-title.elementor-size-xxl{font-size:59px}<\/style><h2 class=\"elementor-heading-title elementor-size-default\">Discutons <br>ensemble !<\/h2>\t\t<\/div>\n\t\t\t\t<\/div>\n\t\t\t\t<div class=\"elementor-element elementor-element-4f62c7b elementor-widget__width-initial elementor-widget elementor-widget-text-editor\" data-id=\"4f62c7b\" data-element_type=\"widget\" data-widget_type=\"text-editor.default\">\n\t\t\t\t<div class=\"elementor-widget-container\">\n\t\t\t<style>\/*! elementor - v3.20.0 - 26-03-2024 *\/\n.elementor-widget-text-editor.elementor-drop-cap-view-stacked .elementor-drop-cap{background-color:#69727d;color:#fff}.elementor-widget-text-editor.elementor-drop-cap-view-framed .elementor-drop-cap{color:#69727d;border:3px solid;background-color:transparent}.elementor-widget-text-editor:not(.elementor-drop-cap-view-default) .elementor-drop-cap{margin-top:8px}.elementor-widget-text-editor:not(.elementor-drop-cap-view-default) .elementor-drop-cap-letter{width:1em;height:1em}.elementor-widget-text-editor .elementor-drop-cap{float:left;text-align:center;line-height:1;font-size:50px}.elementor-widget-text-editor .elementor-drop-cap-letter{display:inline-block}<\/style>\t\t\t\t<p>Nous sommes toujours heureux de rencontrer de nouvelles personnes et de d\u00e9couvrir de nouveaux projets. N\u2019h\u00e9sitez pas \u00e0 nous \u00e9crire, nous appeler, ou nous rendre visite dans nos bureaux.<\/p>\t\t\t\t\t\t<\/div>\n\t\t\t\t<\/div>\n\t\t\t\t<div class=\"elementor-element elementor-element-013dae2 elementor-widget elementor-widget-text-editor\" data-id=\"013dae2\" data-element_type=\"widget\" data-widget_type=\"text-editor.default\">\n\t\t\t\t<div class=\"elementor-widget-container\">\n\t\t\t\t\t\t\tcontact@skoli.fr <br\/> <br\/>\n\n<em>29 mont\u00e9e Bonafous\u00a0 <br\/>\n\n69004 Lyon<\/em>\t\t\t\t\t\t<\/div>\n\t\t\t\t<\/div>\n\t\t\t\t\t<\/div>\n\t\t\t\t<\/div>\n\t\t\t\t<div class=\"elementor-element elementor-element-7fb1cdf elementor-widget elementor-widget-image\" data-id=\"7fb1cdf\" data-element_type=\"widget\" data-widget_type=\"image.default\">\n\t\t\t\t<div class=\"elementor-widget-container\">\n\t\t\t\t\t\t\t\t\t\t\t\t\t<img fetchpriority=\"high\" decoding=\"async\" width=\"800\" height=\"434\" src=\"https:\/\/skoli.fr\/wp-content\/uploads\/2024\/04\/Capture-decran-2024-04-10-a-17.06.00-1024x555.png\" class=\"attachment-large size-large wp-image-150\" alt=\"\" srcset=\"https:\/\/skoli.fr\/wp-content\/uploads\/2024\/04\/Capture-decran-2024-04-10-a-17.06.00-1024x555.png 1024w, https:\/\/skoli.fr\/wp-content\/uploads\/2024\/04\/Capture-decran-2024-04-10-a-17.06.00-300x163.png 300w, https:\/\/skoli.fr\/wp-content\/uploads\/2024\/04\/Capture-decran-2024-04-10-a-17.06.00-768x417.png 768w, https:\/\/skoli.fr\/wp-content\/uploads\/2024\/04\/Capture-decran-2024-04-10-a-17.06.00-1536x833.png 1536w, https:\/\/skoli.fr\/wp-content\/uploads\/2024\/04\/Capture-decran-2024-04-10-a-17.06.00.png 1700w\" sizes=\"(max-width: 800px) 100vw, 800px\" \/>\t\t\t\t\t\t\t\t\t\t\t\t\t<\/div>\n\t\t\t\t<\/div>\n\t\t\t\t<\/div>\n\t\t\t\t<\/div>\n\t\t","protected":false},"excerpt":{"rendered":"<p>Discutons ensemble ! Nous sommes toujours heureux de rencontrer de nouvelles personnes et de d\u00e9couvrir de nouveaux projets. N\u2019h\u00e9sitez pas \u00e0 nous \u00e9crire, nous appeler, ou nous rendre visite dans nos bureaux. contact@skoli.fr 29 mont\u00e9e Bonafous\u00a0 69004 Lyon<\/p>\n","protected":false},"author":1,"featured_media":0,"parent":0,"menu_order":0,"comment_status":"closed","ping_status":"closed","template":"","meta":{"footnotes":""},"class_list":["post-15","page","type-page","status-publish","hentry"],"_links":{"self":[{"href":"https:\/\/skoli.fr\/index.php\/wp-json\/wp\/v2\/pages\/15","targetHints":{"allow":["GET"]}}],"collection":[{"href":"https:\/\/skoli.fr\/index.php\/wp-json\/wp\/v2\/pages"}],"about":[{"href":"https:\/\/skoli.fr\/index.php\/wp-json\/wp\/v2\/types\/page"}],"author":[{"embeddable":true,"href":"https:\/\/skoli.fr\/index.php\/wp-json\/wp\/v2\/users\/1"}],"replies":[{"embeddable":true,"href":"https:\/\/skoli.fr\/index.php\/wp-json\/wp\/v2\/comments?post=15"}],"version-history":[{"count":55,"href":"https:\/\/skoli.fr\/index.php\/wp-json\/wp\/v2\/pages\/15\/revisions"}],"predecessor-version":[{"id":1067,"href":"https:\/\/skoli.fr\/index.php\/wp-json\/wp\/v2\/pages\/15\/revisions\/1067"}],"wp:attachment":[{"href":"https:\/\/skoli.fr\/index.php\/wp-json\/wp\/v2\/media?parent=15"}],"curies":[{"name":"wp","href":"https:\/\/api.w.org\/{rel}","templated":true}]}}