{"id":11,"date":"2024-04-01T12:53:17","date_gmt":"2024-04-01T10:53:17","guid":{"rendered":"http:\/\/skolify.cluster028.hosting.ovh.net\/?page_id=11"},"modified":"2024-06-05T17:30:57","modified_gmt":"2024-06-05T15:30:57","slug":"ou-nous-allons","status":"publish","type":"page","link":"https:\/\/skoli.fr\/index.php\/ou-nous-allons\/","title":{"rendered":"Ou nous allons"},"content":{"rendered":"\t\t<div data-elementor-type=\"wp-page\" data-elementor-id=\"11\" class=\"elementor elementor-11\">\n\t\t\t\t<div class=\"elementor-element elementor-element-1831f99 e-flex e-con-boxed e-con e-parent\" data-id=\"1831f99\" data-element_type=\"container\" data-settings=\"{&quot;background_background&quot;:&quot;classic&quot;}\" data-core-v316-plus=\"true\">\n\t\t\t\t\t<div class=\"e-con-inner\">\n\t\t\t\t<div class=\"elementor-element elementor-element-cec5e4c elementor-widget__width-inherit img-1 elementor-absolute elementor-widget elementor-widget-image\" data-id=\"cec5e4c\" data-element_type=\"widget\" data-settings=\"{&quot;_position&quot;:&quot;absolute&quot;}\" data-widget_type=\"image.default\">\n\t\t\t\t<div class=\"elementor-widget-container\">\n\t\t\t<style>\/*! elementor - v3.20.0 - 26-03-2024 *\/\n.elementor-widget-image{text-align:center}.elementor-widget-image a{display:inline-block}.elementor-widget-image a img[src$=\".svg\"]{width:48px}.elementor-widget-image img{vertical-align:middle;display:inline-block}<\/style>\t\t\t\t\t\t\t\t\t\t<img fetchpriority=\"high\" decoding=\"async\" width=\"605\" height=\"556\" src=\"https:\/\/skoli.fr\/wp-content\/uploads\/2024\/04\/Groupe-487.svg\" class=\"attachment-large size-large wp-image-89\" alt=\"\" \/>\t\t\t\t\t\t\t\t\t\t\t\t\t<\/div>\n\t\t\t\t<\/div>\n\t\t\t\t<div class=\"elementor-element elementor-element-6366cc1 elementor-widget elementor-widget-heading\" data-id=\"6366cc1\" data-element_type=\"widget\" data-widget_type=\"heading.default\">\n\t\t\t\t<div class=\"elementor-widget-container\">\n\t\t\t<style>\/*! elementor - v3.20.0 - 26-03-2024 *\/\n.elementor-heading-title{padding:0;margin:0;line-height:1}.elementor-widget-heading .elementor-heading-title[class*=elementor-size-]>a{color:inherit;font-size:inherit;line-height:inherit}.elementor-widget-heading .elementor-heading-title.elementor-size-small{font-size:15px}.elementor-widget-heading .elementor-heading-title.elementor-size-medium{font-size:19px}.elementor-widget-heading .elementor-heading-title.elementor-size-large{font-size:29px}.elementor-widget-heading .elementor-heading-title.elementor-size-xl{font-size:39px}.elementor-widget-heading .elementor-heading-title.elementor-size-xxl{font-size:59px}<\/style><h2 class=\"elementor-heading-title elementor-size-default\">Nous savons organiser l\u2019information.<\/h2>\t\t<\/div>\n\t\t\t\t<\/div>\n\t\t\t\t<div class=\"elementor-element elementor-element-c3ce8e0 img-2 elementor-absolute elementor-hidden-tablet elementor-hidden-mobile elementor-widget elementor-widget-image\" data-id=\"c3ce8e0\" data-element_type=\"widget\" data-settings=\"{&quot;_position&quot;:&quot;absolute&quot;}\" data-widget_type=\"image.default\">\n\t\t\t\t<div class=\"elementor-widget-container\">\n\t\t\t\t\t\t\t\t\t\t\t\t\t<img decoding=\"async\" width=\"526\" height=\"521\" src=\"https:\/\/skoli.fr\/wp-content\/uploads\/2024\/04\/Groupe-488.svg\" class=\"attachment-large size-large wp-image-90\" alt=\"\" \/>\t\t\t\t\t\t\t\t\t\t\t\t\t<\/div>\n\t\t\t\t<\/div>\n\t\t\t\t<div class=\"elementor-element elementor-element-e410447 elementor-widget elementor-widget-text-editor\" data-id=\"e410447\" data-element_type=\"widget\" data-widget_type=\"text-editor.default\">\n\t\t\t\t<div class=\"elementor-widget-container\">\n\t\t\t<style>\/*! elementor - v3.20.0 - 26-03-2024 *\/\n.elementor-widget-text-editor.elementor-drop-cap-view-stacked .elementor-drop-cap{background-color:#69727d;color:#fff}.elementor-widget-text-editor.elementor-drop-cap-view-framed .elementor-drop-cap{color:#69727d;border:3px solid;background-color:transparent}.elementor-widget-text-editor:not(.elementor-drop-cap-view-default) .elementor-drop-cap{margin-top:8px}.elementor-widget-text-editor:not(.elementor-drop-cap-view-default) .elementor-drop-cap-letter{width:1em;height:1em}.elementor-widget-text-editor .elementor-drop-cap{float:left;text-align:center;line-height:1;font-size:50px}.elementor-widget-text-editor .elementor-drop-cap-letter{display:inline-block}<\/style>\t\t\t\t<p><strong><em>Nous aimons la mettre en question, la mettre en forme et en mouvement<\/em><\/strong> pour la faire exister en travaillant des contenus, des interfaces et des tempos de diffusion.<\/p>\n<p>Notre place est aux c\u00f4t\u00e9s de celles et ceux qui produisent des id\u00e9es, des savoirs, de la culture et du lien social. De l\u2019information dite \u00ab d\u2019int\u00e9r\u00eat g\u00e9n\u00e9ral \u00bb, dans un contexte qui n\u2019y est pas toujours favorable.<\/p>\n<p><em><strong>Nous cherchons \u00e0 ce que l\u2019information passe v\u00e9ritablement.<\/strong> <\/em>Nous avons pour cela d\u2019autres crit\u00e8res que les seules mesures d\u2019audience. Notre travail s\u2019int\u00e9resse aux affects, \u00e0 la mani\u00e8re dont l\u2019information peut transformer la mani\u00e8re d\u2019\u00eatre, d\u2019agir ou de penser de celles et ceux \u00e0 qui elle est destin\u00e9e.<\/p>\n<p><\/p>\t\t\t\t\t\t<\/div>\n\t\t\t\t<\/div>\n\t\t\t\t<div class=\"elementor-element elementor-element-33d2488 img-2 elementor-hidden-desktop elementor-widget elementor-widget-image\" data-id=\"33d2488\" data-element_type=\"widget\" data-widget_type=\"image.default\">\n\t\t\t\t<div class=\"elementor-widget-container\">\n\t\t\t\t\t\t\t\t\t\t\t\t\t<img decoding=\"async\" width=\"526\" height=\"521\" src=\"https:\/\/skoli.fr\/wp-content\/uploads\/2024\/04\/Groupe-488.svg\" class=\"attachment-large size-large wp-image-90\" alt=\"\" \/>\t\t\t\t\t\t\t\t\t\t\t\t\t<\/div>\n\t\t\t\t<\/div>\n\t\t\t\t<div class=\"elementor-element elementor-element-229e323 elementor-widget elementor-widget-text-editor\" data-id=\"229e323\" data-element_type=\"widget\" data-widget_type=\"text-editor.default\">\n\t\t\t\t<div class=\"elementor-widget-container\">\n\t\t\t\t\t\t\t<p>C\u2019est pourquoi nous nous int\u00e9ressons de pr\u00e8s aux conditions d\u2019attention de vos publics. C\u2019est pourquoi nous cherchons, au-del\u00e0 de l\u2019\u00e9ditorial,\u00a0<em><span style=\"font-weight: bolder;\">\u00e0 susciter des rencontres \u00e0 travers des dispositifs de m\u00e9diation exp\u00e9rientiels et participatifs.\u00a0<\/span><\/em><\/p><p>Notre soci\u00e9t\u00e9 souffre du manque de projections collectives d\u00e9sirables. C\u2019est pourquoi nous essayons\u00a0<em><span style=\"font-weight: bolder;\">obstin\u00e9ment de r\u00e9fl\u00e9chir au futur avec nos clients<\/span><\/em>, en proposant des d\u00e9marches ouvertes, collectives.<\/p><p><span style=\"font-weight: bolder;\">Nous travaillons sur-mesure, comme des artisans<\/span>. Nos clients appr\u00e9cient notre polyvalence et notre capacit\u00e9 \u00e0 saisir rapidement les th\u00e8mes, les concepts et les enjeux qu\u2019ils nous proposent.<\/p><p>\u00a0<\/p>\t\t\t\t\t\t<\/div>\n\t\t\t\t<\/div>\n\t\t\t\t\t<\/div>\n\t\t\t\t<\/div>\n\t\t<div class=\"elementor-element elementor-element-abf77b5 e-flex e-con-boxed e-con e-parent\" data-id=\"abf77b5\" data-element_type=\"container\" data-settings=\"{&quot;background_background&quot;:&quot;classic&quot;}\" data-core-v316-plus=\"true\">\n\t\t\t\t\t<div class=\"e-con-inner\">\n\t\t\t\t<div class=\"elementor-element elementor-element-287c55e elementor-absolute elementor-widget elementor-widget-image\" data-id=\"287c55e\" data-element_type=\"widget\" data-settings=\"{&quot;_position&quot;:&quot;absolute&quot;}\" data-widget_type=\"image.default\">\n\t\t\t\t<div class=\"elementor-widget-container\">\n\t\t\t\t\t\t\t\t\t\t\t\t\t<img decoding=\"async\" width=\"314\" height=\"224\" src=\"https:\/\/skoli.fr\/wp-content\/uploads\/2024\/04\/Groupe-496.svg\" class=\"attachment-large size-large wp-image-91\" alt=\"\" \/>\t\t\t\t\t\t\t\t\t\t\t\t\t<\/div>\n\t\t\t\t<\/div>\n\t\t\t\t<div class=\"elementor-element elementor-element-081b325 elementor-widget__width-initial elementor-widget elementor-widget-heading\" data-id=\"081b325\" data-element_type=\"widget\" data-widget_type=\"heading.default\">\n\t\t\t\t<div class=\"elementor-widget-container\">\n\t\t\t<h2 class=\"elementor-heading-title elementor-size-default\">Si vous vous reconnaissez dans ces lignes, nous avons h\u00e2te de travailler ensemble.<\/h2>\t\t<\/div>\n\t\t\t\t<\/div>\n\t\t<div class=\"elementor-element elementor-element-646528c e-con-full e-flex e-con e-child\" data-id=\"646528c\" data-element_type=\"container\" data-settings=\"{&quot;background_background&quot;:&quot;classic&quot;}\">\n\t\t\t\t<div class=\"elementor-element elementor-element-41bebbc elementor-widget elementor-widget-text-editor\" data-id=\"41bebbc\" data-element_type=\"widget\" data-widget_type=\"text-editor.default\">\n\t\t\t\t<div class=\"elementor-widget-container\">\n\t\t\t\t\t\t\tNous publions r\u00e9guli\u00e8rement des articles pour d\u00e9velopper nos id\u00e9es et la mani\u00e8re d\u2019appr\u00e9hender notre travail :<br\/><br\/>\n\n<p>\n\u2794 En 2016 : Pour un urbanisme des savoirs<br\/>\n\n\u2794 En 2019 : Nul ne sait ce que peut une information<br\/>\n\n\u2794 En 2023 : Le futur est une chose publique<br\/>\n<\/p>\t\t\t\t\t\t<\/div>\n\t\t\t\t<\/div>\n\t\t\t\t<\/div>\n\t\t\t\t\t<\/div>\n\t\t\t\t<\/div>\n\t\t\t\t<\/div>\n\t\t","protected":false},"excerpt":{"rendered":"<p>Nous savons organiser l\u2019information. Nous aimons la mettre en question, la mettre en forme et en mouvement pour la faire exister en travaillant des contenus, des interfaces et des tempos de diffusion. Notre place est aux c\u00f4t\u00e9s de celles et ceux qui produisent des id\u00e9es, des savoirs, de la culture et du lien social. De [&hellip;]<\/p>\n","protected":false},"author":1,"featured_media":0,"parent":0,"menu_order":0,"comment_status":"closed","ping_status":"closed","template":"","meta":{"footnotes":""},"class_list":["post-11","page","type-page","status-publish","hentry"],"_links":{"self":[{"href":"https:\/\/skoli.fr\/index.php\/wp-json\/wp\/v2\/pages\/11","targetHints":{"allow":["GET"]}}],"collection":[{"href":"https:\/\/skoli.fr\/index.php\/wp-json\/wp\/v2\/pages"}],"about":[{"href":"https:\/\/skoli.fr\/index.php\/wp-json\/wp\/v2\/types\/page"}],"author":[{"embeddable":true,"href":"https:\/\/skoli.fr\/index.php\/wp-json\/wp\/v2\/users\/1"}],"replies":[{"embeddable":true,"href":"https:\/\/skoli.fr\/index.php\/wp-json\/wp\/v2\/comments?post=11"}],"version-history":[{"count":110,"href":"https:\/\/skoli.fr\/index.php\/wp-json\/wp\/v2\/pages\/11\/revisions"}],"predecessor-version":[{"id":1061,"href":"https:\/\/skoli.fr\/index.php\/wp-json\/wp\/v2\/pages\/11\/revisions\/1061"}],"wp:attachment":[{"href":"https:\/\/skoli.fr\/index.php\/wp-json\/wp\/v2\/media?parent=11"}],"curies":[{"name":"wp","href":"https:\/\/api.w.org\/{rel}","templated":true}]}}