{"id":1070,"date":"2024-06-12T19:02:35","date_gmt":"2024-06-12T17:02:35","guid":{"rendered":"https:\/\/skoli.fr\/?page_id=1070"},"modified":"2024-06-12T19:05:45","modified_gmt":"2024-06-12T17:05:45","slug":"mentions-legales","status":"publish","type":"page","link":"https:\/\/skoli.fr\/index.php\/mentions-legales\/","title":{"rendered":"Mentions L\u00e9gales"},"content":{"rendered":"\n<div style=\"height:100px\" aria-hidden=\"true\" class=\"wp-block-spacer\"><\/div>\n\n\n\n<p><h1>Mentions L\u00e9gales<\/h1><\/p>\n\n\n\n<h2 class=\"wp-block-heading\"><strong>\u00c9diteur<\/strong><\/h2>\n\n\n\n<p>Ce site est con\u00e7u, d\u00e9velopp\u00e9 et maintenu par l&#8217;agence Skoli.&nbsp;<\/p>\n\n\n\n<p>Une activit\u00e9 du groupe CAP SERVICES<\/p>\n\n\n\n<p>SA SCOP au capital variable<\/p>\n\n\n\n<p>Si\u00e8ge Social : 11 rue Duphot 69003 LYON<\/p>\n\n\n\n<p>TVA intracommunautaire FR32 402 636 757<\/p>\n\n\n\n<p>RCS 402 636 757<\/p>\n\n\n\n<p><a href=\"mailto:contact@skoli.fr\">contact@skoli.fr<\/a>&nbsp;<\/p>\n\n\n\n<p>Conception graphique : Cl\u00e9ment Payot<\/p>\n\n\n\n<p>Int\u00e9gration : Enzo L\u00e9onard<\/p>\n\n\n\n<h2 class=\"wp-block-heading\"><strong>H\u00e9bergeur<\/strong><\/h2>\n\n\n\n<p>Ce site est h\u00e9berg\u00e9 par OVH, fournisseur d&#8217;h\u00e9bergement web.<\/p>\n\n\n\n<p>OVH SAS<\/p>\n\n\n\n<p>Soci\u00e9t\u00e9 par actions simplifi\u00e9e au capital de 10 174 560 \u20ac<\/p>\n\n\n\n<p>RCS Lille M\u00e9tropole 424 761 419 00045<\/p>\n\n\n\n<p>OVH SAS est une filiale de la soci\u00e9t\u00e9 OVH Groupe SA, soci\u00e9t\u00e9 immatricul\u00e9e au RCS de Lille sous le num\u00e9ro 537 407 926 sise 2, rue Kellermann, 59100 Roubaix.<\/p>\n\n\n\n<h2 class=\"wp-block-heading\"><strong>Cr\u00e9dits<\/strong><\/h2>\n\n\n\n<p>Ce site est propuls\u00e9 par WordPress, un syst\u00e8me de gestion de contenu de site internet.<\/p>\n\n\n\n<p>Page <em>R\u00e9alisations<\/em> :&nbsp;<\/p>\n\n\n\n<ul class=\"wp-block-list\">\n<li>\u00ab Le futur du D\u00e9fil\u00e9 de Biennale de la danse \u00bb D\u00e9fil\u00e9 2006 : les lumi\u00e8res de la ville @ Fran\u00e7ois Seve-Zeroug<\/li>\n\n\n\n<li>\u00ab Booba Lyrics Matter \u00bb @ Valentin Delouis<\/li>\n\n\n\n<li>\u00ab Veille prospective \u00bb @ Charlotte Rousselle<\/li>\n\n\n\n<li>\u00ab M\u00e9moires et identit\u00e9 de M\u00e9tropole de Lyon \u00bb @ C\u00e9line Ollivier-Peyrin<\/li>\n\n\n\n<li>\u00ab Je Participe \u00bb @ H\u00e9l\u00e8ne Bertholier<\/li>\n\n\n\n<li>\u00ab Limites plan\u00e9taires \u00bb @ Les Zinc<\/li>\n\n\n\n<li>\u00ab Le futur de la d\u00e9mocratie \u00bb Le premier pas @ Frantisek Kupka, 1909<\/li>\n\n\n\n<li>\u00ab Design fiction \u00bb @ Vis\u00e9e.A&nbsp;<\/li>\n<\/ul>\n\n\n\n<p>Toutes les autres images et textes publi\u00e9s sur ce site sont la propri\u00e9t\u00e9 de l\u2019agence Skoli.&nbsp;<\/p>\n\n\n\n<p>Sauf mention contraire, ils sont sous Licence Creative Commons BY NC SA.<\/p>\n\n\n\n<div style=\"height:100px\" aria-hidden=\"true\" class=\"wp-block-spacer\"><\/div>\n","protected":false},"excerpt":{"rendered":"<p>Mentions L\u00e9gales \u00c9diteur Ce site est con\u00e7u, d\u00e9velopp\u00e9 et maintenu par l&#8217;agence Skoli.&nbsp; Une activit\u00e9 du groupe CAP SERVICES SA SCOP au capital variable Si\u00e8ge Social : 11 rue Duphot 69003 LYON TVA intracommunautaire FR32 402 636 757 RCS 402 636 757 contact@skoli.fr&nbsp; Conception graphique : Cl\u00e9ment Payot Int\u00e9gration : Enzo L\u00e9onard H\u00e9bergeur Ce site [&hellip;]<\/p>\n","protected":false},"author":1,"featured_media":0,"parent":0,"menu_order":0,"comment_status":"closed","ping_status":"closed","template":"","meta":{"footnotes":""},"class_list":["post-1070","page","type-page","status-publish","hentry"],"_links":{"self":[{"href":"https:\/\/skoli.fr\/index.php\/wp-json\/wp\/v2\/pages\/1070","targetHints":{"allow":["GET"]}}],"collection":[{"href":"https:\/\/skoli.fr\/index.php\/wp-json\/wp\/v2\/pages"}],"about":[{"href":"https:\/\/skoli.fr\/index.php\/wp-json\/wp\/v2\/types\/page"}],"author":[{"embeddable":true,"href":"https:\/\/skoli.fr\/index.php\/wp-json\/wp\/v2\/users\/1"}],"replies":[{"embeddable":true,"href":"https:\/\/skoli.fr\/index.php\/wp-json\/wp\/v2\/comments?post=1070"}],"version-history":[{"count":7,"href":"https:\/\/skoli.fr\/index.php\/wp-json\/wp\/v2\/pages\/1070\/revisions"}],"predecessor-version":[{"id":1081,"href":"https:\/\/skoli.fr\/index.php\/wp-json\/wp\/v2\/pages\/1070\/revisions\/1081"}],"wp:attachment":[{"href":"https:\/\/skoli.fr\/index.php\/wp-json\/wp\/v2\/media?parent=1070"}],"curies":[{"name":"wp","href":"https:\/\/api.w.org\/{rel}","templated":true}]}}